{"id":74,"date":"2016-06-26T18:24:23","date_gmt":"2016-06-26T06:24:23","guid":{"rendered":"http:\/\/192.168.1.119\/portail\/?page_id=74"},"modified":"2020-07-28T13:24:08","modified_gmt":"2020-07-28T01:24:08","slug":"allocations-familiales","status":"publish","type":"page","link":"https:\/\/www.cpswf.wf\/portail\/index.php\/allocations-familiales\/","title":{"rendered":"Allocations familiales"},"content":{"rendered":"<p><strong>Conditions d\u2019attributions\u00a0:<\/strong><\/p>\n<ul>\n<li>Etre de nationalit\u00e9 fran\u00e7aise<\/li>\n<li>Travailleurs salari\u00e9s et assimil\u00e9s pour chacun des enfants \u00e0 charge, depuis le premier jour du mois de la naissance jusqu&rsquo;\u00e0 l&rsquo;\u00e2ge de 16 ans r\u00e9volus, r\u00e9sidant dans le territoire des \u00eeles Wallis et Futuna. Cette limite d&rsquo;\u00e2ge est port\u00e9e \u00e0 21 ans pour l&rsquo;enfant poursuivant des \u00e9tudes, y compris hors du territoire des \u00eeles Wallis et Futuna ou plac\u00e9 en apprentissage, ou si, par suite d&rsquo;incapacit\u00e9, de maladie d\u00fbment constat\u00e9e, il est dans l&rsquo;impossibilit\u00e9 permanente de poursuivre sa scolarit\u00e9 ou de se livrer \u00e0 l&rsquo;exercice d&rsquo;une activit\u00e9 professionnelle. Lorsque les limites d&rsquo;\u00e2ges pr\u00e9vues ci-dessus sont atteintes par l&rsquo;enfant en cours d&rsquo;ann\u00e9e scolaire, ou d&rsquo;ann\u00e9e d&rsquo;apprentissage, le service des allocations familiales est maintenu jusqu&rsquo;\u00e0 la fin de celle-ci.<\/li>\n<\/ul>\n<p>Les allocations familiales sont \u00e9galement maintenues :<\/p>\n<ul>\n<li>pendant les p\u00e9riodes d&rsquo;interruption d&rsquo;\u00e9tudes ou d&rsquo;apprentissage pour cause de maladies ou d&rsquo;accident d\u00fbment constat\u00e9s m\u00e9dicalement, dans la limite d&rsquo;une ann\u00e9e \u00e0 partir de l&rsquo;interruption.<\/li>\n<li>pendant toutes les p\u00e9riodes de vacances scolaires, y compris les vacances qui suivent la fin de la scolarit\u00e9.<\/li>\n<\/ul>\n<p>Les parents dont les enfants poursuivent leurs \u00e9tudes hors du territoire des \u00eeles Wallis et Futuna, pour des motifs reconnus valables par le directeur de la caisse, peuvent b\u00e9n\u00e9ficier des allocations familiales.<\/p>\n<ul>\n<li>R\u00e9sider sur le territoire<\/li>\n<\/ul>\n<p><strong>Pi\u00e8ces \u00e0 fournir\u00a0:<\/strong><\/p>\n<ul>\n<li>Un formulaire \u00e0 remplir aupr\u00e8s des agents du bureau des allocations familiales<\/li>\n<li>Copie du livret de famille \u00e0 jour<\/li>\n<li>Certificat de scolarit\u00e9<\/li>\n<li>Certificat de radiation<\/li>\n<li>Relev\u00e9 d\u2019Identit\u00e9 Bancaire (RIB)<\/li>\n<\/ul>\n<p><strong>Montant\u00a0: <\/strong><\/p>\n<p>Le taux de l&rsquo;allocation familiale est fix\u00e9 \u00e0 11.000 FCFP par enfant \u00e0 compter du 1er octobre 2016.<\/p>\n<hr \/>\n<h4>Formulaires \u00e0 t\u00e9l\u00e9charger<\/h4>\n<p><a href=\"http:\/\/www.cpswf.wf\/portail\/wp-content\/uploads\/2020\/07\/DEMANDE-DE-PRESTATIONS-FAMILIALES-PF.pdf\">DEMANDE DE PRESTATIONS FAMILIALES<\/a><\/p>\n<p><a href=\"http:\/\/www.cpswf.wf\/portail\/wp-content\/uploads\/2016\/06\/ENGAGEMENT-DE-REMBOURSEMENT-DINDUS-1.pdf\">ENGAGEMENT DE REMBOURSEMENT D&rsquo;INDUS<\/a><\/p>\n","protected":false},"excerpt":{"rendered":"<p>Conditions d\u2019attributions\u00a0: Etre de nationalit\u00e9 fran\u00e7aise Travailleurs salari\u00e9s et assimil\u00e9s pour chacun des enfants \u00e0 charge, depuis le premier jour du mois de la naissance jusqu&rsquo;\u00e0 l&rsquo;\u00e2ge de 16 ans r\u00e9volus, r\u00e9sidant dans le territoire des \u00eeles Wallis et Futuna. Cette limite d&rsquo;\u00e2ge est port\u00e9e \u00e0 21 ans pour l&rsquo;enfant poursuivant des \u00e9tudes, y compris [&hellip;]<\/p>\n","protected":false},"author":1,"featured_media":0,"parent":0,"menu_order":0,"comment_status":"closed","ping_status":"closed","template":"","meta":{"footnotes":""},"class_list":["post-74","page","type-page","status-publish","hentry","post"],"_links":{"self":[{"href":"https:\/\/www.cpswf.wf\/portail\/index.php\/wp-json\/wp\/v2\/pages\/74","targetHints":{"allow":["GET"]}}],"collection":[{"href":"https:\/\/www.cpswf.wf\/portail\/index.php\/wp-json\/wp\/v2\/pages"}],"about":[{"href":"https:\/\/www.cpswf.wf\/portail\/index.php\/wp-json\/wp\/v2\/types\/page"}],"author":[{"embeddable":true,"href":"https:\/\/www.cpswf.wf\/portail\/index.php\/wp-json\/wp\/v2\/users\/1"}],"replies":[{"embeddable":true,"href":"https:\/\/www.cpswf.wf\/portail\/index.php\/wp-json\/wp\/v2\/comments?post=74"}],"version-history":[{"count":17,"href":"https:\/\/www.cpswf.wf\/portail\/index.php\/wp-json\/wp\/v2\/pages\/74\/revisions"}],"predecessor-version":[{"id":421,"href":"https:\/\/www.cpswf.wf\/portail\/index.php\/wp-json\/wp\/v2\/pages\/74\/revisions\/421"}],"wp:attachment":[{"href":"https:\/\/www.cpswf.wf\/portail\/index.php\/wp-json\/wp\/v2\/media?parent=74"}],"curies":[{"name":"wp","href":"https:\/\/api.w.org\/{rel}","templated":true}]}}