{"id":70,"date":"2016-06-26T18:23:45","date_gmt":"2016-06-26T06:23:45","guid":{"rendered":"http:\/\/192.168.1.119\/portail\/?page_id=70"},"modified":"2021-08-23T14:18:56","modified_gmt":"2021-08-23T02:18:56","slug":"aides-sociales","status":"publish","type":"page","link":"https:\/\/www.cpswf.wf\/portail\/index.php\/aides-sociales-2\/aides-sociales\/","title":{"rendered":"Aide \u00e0 l&rsquo;enfant"},"content":{"rendered":"<p><strong>Conditions d\u2019attributions\u00a0:<\/strong><\/p>\n<ul>\n<li>\u00catre de nationalit\u00e9 fran\u00e7aise<\/li>\n<li>Personnes non-salari\u00e9es ayant un\/des enfant(s) \u00e0 charge<\/li>\n<li>R\u00e9sider sur le territoire<\/li>\n<\/ul>\n<p><strong>Pi\u00e8ces \u00e0 fournir<\/strong>\u00a0:<\/p>\n<ul>\n<li>Un formulaire \u00e0 remplir aupr\u00e8s des agents du bureau de l\u2019aide sociale<\/li>\n<li>Copie de la pi\u00e8ce d\u2019identit\u00e9<\/li>\n<li>Copie du livret de famille \u00e0 jour<\/li>\n<li>Certificat de scolarit\u00e9<\/li>\n<li>Certificat de radiation<\/li>\n<\/ul>\n<p><strong>Montant<\/strong>\u00a0:<\/p>\n<p>A compter du 1er janvier 2019, le montant de l&rsquo;allocation par enfant \u00e0 charge est fix\u00e9 comme suit :<\/p>\n<ul>\n<li>1er enfant \u00e0 6 040 FCFP<\/li>\n<li>2\u00e8me enfant \u00e0 7 040 FCPF<\/li>\n<li>3\u00e8me enfant \u00e0 9 040 FCFP<\/li>\n<li>4\u00e8me enfant \u00e0 11 040 FCFP<\/li>\n<li>5\u00e8me enfant \u00e0 13 040 FCPF<\/li>\n<li>6\u00e8me enfant \u00e0 16 040 FCFP<\/li>\n<li>7\u00e8me enfant et + \u00e0 19 040 FCPF<\/li>\n<\/ul>\n<p>Les allocations d&rsquo;aide \u00e0 l&rsquo;enfant sont attribu\u00e9es aux non-salari\u00e9s vis\u00e9s \u00e0 l&rsquo;article 3 de la pr\u00e9sente d\u00e9lib\u00e9ration pour chacun des enfants \u00e0 charge, depuis le premier jour du mois de naissance jusqu&rsquo;\u00e0 l&rsquo;\u00e2ge de 14 ans r\u00e9volus, r\u00e9sidant sur le territoire.<\/p>\n<p>Cette limite d&rsquo;\u00e2ge est port\u00e9e \u00e0 16 ans en cas d&rsquo;\u00e9tudes primaires et \u00e0 21 ans pour l&rsquo;enfant poursuivant des \u00e9tudes, ou plac\u00e9 en apprentissage, ou si par suite d&rsquo;incapacit\u00e9, de maladie chronique grave ou de maladie incurable d\u00fbment constat\u00e9e, il est dans l&rsquo;impossibilit\u00e9 permanente de se livrer \u00e0 l&rsquo;exercice d&rsquo;une activit\u00e9 professionnelle.<\/p>\n<p>Lorsque les limites d&rsquo;\u00e2ge ci-dessus d\u00e9finies sont atteintes par l&rsquo;enfant, en cours d&rsquo;ann\u00e9e scolaire, ou d&rsquo;ann\u00e9e d&rsquo;apprentissage, le service des prestations familiales est maintenu jusqu&rsquo;\u00e0 la fin de celle-ci.<\/p>\n<p>Les allocations d\u2019aide sociale sont \u00e9galement maintenues\u00a0:<\/p>\n<ul>\n<li>Pendant les p\u00e9riodes d\u2019interruption d\u2019\u00e9tudes ou d\u2019apprentissages pour cause de maladie ou de maladie constat\u00e9e m\u00e9dicalement dans la limite d\u2019une ann\u00e9e \u00e0 partir de l\u2019interruption,<\/li>\n<li>Pendant toutes les p\u00e9riodes de vacances scolaires y compris les vacances qui suivent la fin de la scolarit\u00e9.<\/li>\n<\/ul>\n<p>Les b\u00e9n\u00e9ficiaires de l\u2019aide sociale qui n\u2019ont pu en percevoir le montant d\u00fb auront 6 mois \u00e0 compter de la date d\u2019\u00e9ch\u00e9ance pour en demander le paiement.<\/p>\n<p>______________________________________________________________________________________________________________________________________<\/p>\n<p><strong>FORMULAIRE DE DEMANDE D&rsquo;AIDE SOCIALE \u00e0 l&rsquo;ENFANT A TELECHARGER<\/strong><\/p>\n<p><a href=\"http:\/\/www.cpswf.wf\/portail\/wp-content\/uploads\/2016\/06\/Formulaire-de-demande-dAide-Sociale-\u00e0-lEnfant.pdf\">Formulaire de demande d&rsquo;Aide Sociale \u00e0 l&rsquo;Enfant<\/a><\/p>\n","protected":false},"excerpt":{"rendered":"<p>Conditions d\u2019attributions\u00a0: \u00catre de nationalit\u00e9 fran\u00e7aise Personnes non-salari\u00e9es ayant un\/des enfant(s) \u00e0 charge R\u00e9sider sur le territoire Pi\u00e8ces \u00e0 fournir\u00a0: Un formulaire \u00e0 remplir aupr\u00e8s des agents du bureau de l\u2019aide sociale Copie de la pi\u00e8ce d\u2019identit\u00e9 Copie du livret de famille \u00e0 jour Certificat de scolarit\u00e9 Certificat de radiation Montant\u00a0: A compter du 1er [&hellip;]<\/p>\n","protected":false},"author":1,"featured_media":0,"parent":459,"menu_order":0,"comment_status":"closed","ping_status":"closed","template":"","meta":{"footnotes":""},"class_list":["post-70","page","type-page","status-publish","hentry","post"],"_links":{"self":[{"href":"https:\/\/www.cpswf.wf\/portail\/index.php\/wp-json\/wp\/v2\/pages\/70","targetHints":{"allow":["GET"]}}],"collection":[{"href":"https:\/\/www.cpswf.wf\/portail\/index.php\/wp-json\/wp\/v2\/pages"}],"about":[{"href":"https:\/\/www.cpswf.wf\/portail\/index.php\/wp-json\/wp\/v2\/types\/page"}],"author":[{"embeddable":true,"href":"https:\/\/www.cpswf.wf\/portail\/index.php\/wp-json\/wp\/v2\/users\/1"}],"replies":[{"embeddable":true,"href":"https:\/\/www.cpswf.wf\/portail\/index.php\/wp-json\/wp\/v2\/comments?post=70"}],"version-history":[{"count":23,"href":"https:\/\/www.cpswf.wf\/portail\/index.php\/wp-json\/wp\/v2\/pages\/70\/revisions"}],"predecessor-version":[{"id":462,"href":"https:\/\/www.cpswf.wf\/portail\/index.php\/wp-json\/wp\/v2\/pages\/70\/revisions\/462"}],"up":[{"embeddable":true,"href":"https:\/\/www.cpswf.wf\/portail\/index.php\/wp-json\/wp\/v2\/pages\/459"}],"wp:attachment":[{"href":"https:\/\/www.cpswf.wf\/portail\/index.php\/wp-json\/wp\/v2\/media?parent=70"}],"curies":[{"name":"wp","href":"https:\/\/api.w.org\/{rel}","templated":true}]}}