{"id":67,"date":"2016-06-26T18:23:16","date_gmt":"2016-06-26T06:23:16","guid":{"rendered":"http:\/\/192.168.1.119\/portail\/?page_id=67"},"modified":"2019-08-28T15:06:28","modified_gmt":"2019-08-28T03:06:28","slug":"retraites","status":"publish","type":"page","link":"https:\/\/www.cpswf.wf\/portail\/index.php\/retraites\/","title":{"rendered":"Retraites"},"content":{"rendered":"<p><strong>Conditions d\u2019attributions\u00a0:<\/strong><\/p>\n<ul>\n<li>Etre de nationalit\u00e9 fran\u00e7aise<\/li>\n<li>Etre \u00e2g\u00e9e de 60 ans et immatricul\u00e9 \u00e0 la CPSWF<\/li>\n<li>Avoir cotis\u00e9 \u00e0 la caisse pendant au moins 15 ans<\/li>\n<\/ul>\n<p><strong>Pi\u00e8ces \u00e0 fournir<\/strong>\u00a0:<\/p>\n<ul>\n<li><a href=\"http:\/\/www.cpswf.wf\/portail\/index.php\/retraites\/formulaire-demande-de-pension-de-retraite\/\">Formulaire &#8211; Demande de pension de retraite<\/a> \u00e0 remplir<\/li>\n<li>Courrier adress\u00e9 au Directeur de la CPSWF<\/li>\n<li>D\u00e9cision\u00a0de mise \u00e0 la retraite<\/li>\n<li>Copie de la pi\u00e8ce d\u2019identit\u00e9<\/li>\n<li>Copie du livret de famille<\/li>\n<li>Relev\u00e9 d\u2019Identit\u00e9 Bancaire (RIB)<\/li>\n<\/ul>\n<p><strong>Montant<\/strong>\u00a0:<\/p>\n<p>Salaire moyen des 15 meilleures ann\u00e9es multipli\u00e9 par le taux qui correspond au nombre d\u2019ann\u00e9es de cotisations.<\/p>\n<p>Le taux est de 2,60% pour les 15 premi\u00e8res ann\u00e9es avec 1,30% par ann\u00e9e suppl\u00e9mentaire.<\/p>\n","protected":false},"excerpt":{"rendered":"<p>Conditions d\u2019attributions\u00a0: Etre de nationalit\u00e9 fran\u00e7aise Etre \u00e2g\u00e9e de 60 ans et immatricul\u00e9 \u00e0 la CPSWF Avoir cotis\u00e9 \u00e0 la caisse pendant au moins 15 ans Pi\u00e8ces \u00e0 fournir\u00a0: Formulaire &#8211; Demande de pension de retraite \u00e0 remplir Courrier adress\u00e9 au Directeur de la CPSWF D\u00e9cision\u00a0de mise \u00e0 la retraite Copie de la pi\u00e8ce d\u2019identit\u00e9 [&hellip;]<\/p>\n","protected":false},"author":1,"featured_media":0,"parent":0,"menu_order":0,"comment_status":"closed","ping_status":"closed","template":"","meta":{"footnotes":""},"class_list":["post-67","page","type-page","status-publish","hentry","post"],"_links":{"self":[{"href":"https:\/\/www.cpswf.wf\/portail\/index.php\/wp-json\/wp\/v2\/pages\/67","targetHints":{"allow":["GET"]}}],"collection":[{"href":"https:\/\/www.cpswf.wf\/portail\/index.php\/wp-json\/wp\/v2\/pages"}],"about":[{"href":"https:\/\/www.cpswf.wf\/portail\/index.php\/wp-json\/wp\/v2\/types\/page"}],"author":[{"embeddable":true,"href":"https:\/\/www.cpswf.wf\/portail\/index.php\/wp-json\/wp\/v2\/users\/1"}],"replies":[{"embeddable":true,"href":"https:\/\/www.cpswf.wf\/portail\/index.php\/wp-json\/wp\/v2\/comments?post=67"}],"version-history":[{"count":8,"href":"https:\/\/www.cpswf.wf\/portail\/index.php\/wp-json\/wp\/v2\/pages\/67\/revisions"}],"predecessor-version":[{"id":405,"href":"https:\/\/www.cpswf.wf\/portail\/index.php\/wp-json\/wp\/v2\/pages\/67\/revisions\/405"}],"wp:attachment":[{"href":"https:\/\/www.cpswf.wf\/portail\/index.php\/wp-json\/wp\/v2\/media?parent=67"}],"curies":[{"name":"wp","href":"https:\/\/api.w.org\/{rel}","templated":true}]}}