{"id":48,"date":"2016-06-26T17:36:58","date_gmt":"2016-06-26T05:36:58","guid":{"rendered":"http:\/\/192.168.1.119\/portail\/?page_id=48"},"modified":"2025-05-14T10:48:02","modified_gmt":"2025-05-13T22:48:02","slug":"home-page","status":"publish","type":"page","link":"https:\/\/www.cpswf.wf\/portail\/","title":{"rendered":"Accueil CPSWF"},"content":{"rendered":"<div id=\"pl-48\"  class=\"panel-layout\" ><div id=\"pg-48-0\"  class=\"panel-grid panel-has-style\" ><div class=\"panel-row-style panel-row-style-for-48-0\" ><div id=\"pgc-48-0-0\"  class=\"panel-grid-cell\" ><div id=\"panel-48-0-0-0\" class=\"so-panel widget widget_vantage-social-media panel-first-child\" data-index=\"0\" ><\/div><div id=\"panel-48-0-0-1\" class=\"so-panel widget widget_vantage-social-media panel-last-child\" data-index=\"1\" ><\/div><\/div><\/div><\/div><div id=\"pg-48-1\"  class=\"panel-grid panel-no-style\" ><div id=\"pgc-48-1-0\"  class=\"panel-grid-cell\" ><div id=\"panel-48-1-0-0\" class=\"so-panel widget widget_circleicon-widget panel-first-child panel-last-child\" data-index=\"2\" >\t\t<div class=\"circle-icon-box circle-icon-position-top circle-icon-hide-box circle-icon-size-small \">\n\t\t\t\t\t\t\t<div class=\"circle-icon-wrapper\">\n\t\t\t\t\t\t\t\t\t\t<a href=\"http:\/\/www.cpswf.wf\/portail\/index.php\/entreprises\/%20\" class=\"link-icon\" >\t\t\t\t\t<div class=\"circle-icon\" >\n\t\t\t\t\t\t\t\t\t\t\t\t\t<div\n\t\t\t\t\t\t\t\tclass=\"fa fa-wrench\"\n\t\t\t\t\t\t\t\t\t\t\t\t\t\t\t><\/div>\n\t\t\t\t\t\t\t\t\t\t\t<\/div>\n\t\t\t\t\t<\/a>\t\t\t\t<\/div>\n\t\t\t\n\t\t\t\t\t\t\t<a\n\t\t\t\t\thref=\"http:\/\/www.cpswf.wf\/portail\/index.php\/entreprises\/%20\"\n\t\t\t\t\tclass=\"link-title\" \t\t\t\t>\n\t\t\t\t\t\t\t\t\t\t<h4 >\n\t\t\t\t\tEntreprises\t\t\t\t<\/h4>\n\t\t\t\t\t\t\t\t\t\t<\/a>\n\t\t\t\n\t\t\t\t\t\t\t<p class=\"text\" >\n\t\t\t\tVous \u00eates une entreprise ou un employeur acc\u00e9dez \u00e0 l'espace entreprise pour saisir les salaires, calculer vos cotisations et consulter vos r\u00e8glements\t\t\t<\/p>\n\t\t\t\t\t\t\t\t\t\t<a\n\t\t\t\t\thref=\"http:\/\/www.cpswf.wf\/portail\/index.php\/entreprises\/%20\"\n\t\t\t\t\tclass=\"more-button\"\n\t\t\t\t\t\t\t\t\t>\n\t\t\t\t\tPlus d&#039;informations\t\t\t\t\t<i><\/i>\n\t\t\t\t<\/a>\n\t\t\t\t\t<\/div>\n\t\t<\/div><\/div><div id=\"pgc-48-1-1\"  class=\"panel-grid-cell\" ><div id=\"panel-48-1-1-0\" class=\"so-panel widget widget_circleicon-widget panel-first-child panel-last-child\" data-index=\"3\" >\t\t<div class=\"circle-icon-box circle-icon-position-top circle-icon-hide-box circle-icon-size-small \">\n\t\t\t\t\t\t\t<div class=\"circle-icon-wrapper\">\n\t\t\t\t\t\t\t\t\t\t<a href=\"http:\/\/www.cpswf.wf\/portail\/index.php\/retraites\/\" class=\"link-icon\" >\t\t\t\t\t<div class=\"circle-icon\" >\n\t\t\t\t\t\t\t\t\t\t\t\t\t<div\n\t\t\t\t\t\t\t\tclass=\"fa fa-umbrella\"\n\t\t\t\t\t\t\t\t\t\t\t\t\t\t\t><\/div>\n\t\t\t\t\t\t\t\t\t\t\t<\/div>\n\t\t\t\t\t<\/a>\t\t\t\t<\/div>\n\t\t\t\n\t\t\t\t\t\t\t<a\n\t\t\t\t\thref=\"http:\/\/www.cpswf.wf\/portail\/index.php\/retraites\/\"\n\t\t\t\t\tclass=\"link-title\" \t\t\t\t>\n\t\t\t\t\t\t\t\t\t\t<h4 >\n\t\t\t\t\tRetraites\t\t\t\t<\/h4>\n\t\t\t\t\t\t\t\t\t\t<\/a>\n\t\t\t\n\t\t\t\t\t\t\t<p class=\"text\" >\n\t\t\t\tConditions d'attribution, pi\u00e8ces \u00e0 fournir, Montant, Allocation Veuvage, Compl\u00e9ment social de retraite, Pension de reversion, \t\t\t<\/p>\n\t\t\t\t\t\t\t\t\t\t<a\n\t\t\t\t\thref=\"http:\/\/www.cpswf.wf\/portail\/index.php\/retraites\/\"\n\t\t\t\t\tclass=\"more-button\"\n\t\t\t\t\t\t\t\t\t>\n\t\t\t\t\tPlus d&#039;informations\t\t\t\t\t<i><\/i>\n\t\t\t\t<\/a>\n\t\t\t\t\t<\/div>\n\t\t<\/div><\/div><div id=\"pgc-48-1-2\"  class=\"panel-grid-cell\" ><div id=\"panel-48-1-2-0\" class=\"so-panel widget widget_circleicon-widget panel-first-child panel-last-child\" data-index=\"4\" >\t\t<div class=\"circle-icon-box circle-icon-position-top circle-icon-hide-box circle-icon-size-small \">\n\t\t\t\t\t\t\t<div class=\"circle-icon-wrapper\">\n\t\t\t\t\t\t\t\t\t\t<a href=\"http:\/\/www.cpswf.wf\/portail\/index.php\/allocations-familiales\/\" class=\"link-icon\" >\t\t\t\t\t<div class=\"circle-icon icon-style-set\" style=\"background-image: url(http:\/\/Plus%20d&#039;informations)\">\n\t\t\t\t\t\t\t\t\t\t\t\t\t<div\n\t\t\t\t\t\t\t\tclass=\"fa fa-users  icon-style-set\"\n\t\t\t\t\t\t\t\t\t\t\t\t\t\t\t><\/div>\n\t\t\t\t\t\t\t\t\t\t\t<\/div>\n\t\t\t\t\t<\/a>\t\t\t\t<\/div>\n\t\t\t\n\t\t\t\t\t\t\t<a\n\t\t\t\t\thref=\"http:\/\/www.cpswf.wf\/portail\/index.php\/allocations-familiales\/\"\n\t\t\t\t\tclass=\"link-title\" \t\t\t\t>\n\t\t\t\t\t\t\t\t\t\t<h4 >\n\t\t\t\t\tPrestations familliales\t\t\t\t<\/h4>\n\t\t\t\t\t\t\t\t\t\t<\/a>\n\t\t\t\n\t\t\t\t\t\t\t<p class=\"text\" >\n\t\t\t\tAllocations familiales et allocation de cong\u00e9 maternit\u00e9. Conditions d\u2019attributions, pi\u00e8ces \u00e0 fournir, montants et formulaires \u00e0 t\u00e9l\u00e9charger.\t\t\t<\/p>\n\t\t\t\t\t\t\t\t\t\t<a\n\t\t\t\t\thref=\"http:\/\/www.cpswf.wf\/portail\/index.php\/allocations-familiales\/\"\n\t\t\t\t\tclass=\"more-button\"\n\t\t\t\t\t\t\t\t\t>\n\t\t\t\t\tPlus d&#039;informations\t\t\t\t\t<i><\/i>\n\t\t\t\t<\/a>\n\t\t\t\t\t<\/div>\n\t\t<\/div><\/div><\/div><\/div>","protected":false},"excerpt":{"rendered":"<p>Entreprises Vous \u00eates une entreprise ou un employeur acc\u00e9dez \u00e0 l&rsquo;espace entreprise pour saisir les salaires, calculer vos cotisations et consulter vos r\u00e8glements Plus d&#039;informations Retraites Conditions d&rsquo;attribution, pi\u00e8ces \u00e0 fournir, Montant, Allocation Veuvage, Compl\u00e9ment social de retraite, Pension de reversion, Plus d&#039;informations Prestations familliales Allocations familiales et allocation de cong\u00e9 maternit\u00e9. Conditions d\u2019attributions, pi\u00e8ces [&hellip;]<\/p>\n","protected":false},"author":1,"featured_media":0,"parent":0,"menu_order":0,"comment_status":"closed","ping_status":"closed","template":"home-panels.php","meta":{"footnotes":""},"class_list":["post-48","page","type-page","status-publish","hentry","post"],"_links":{"self":[{"href":"https:\/\/www.cpswf.wf\/portail\/index.php\/wp-json\/wp\/v2\/pages\/48","targetHints":{"allow":["GET"]}}],"collection":[{"href":"https:\/\/www.cpswf.wf\/portail\/index.php\/wp-json\/wp\/v2\/pages"}],"about":[{"href":"https:\/\/www.cpswf.wf\/portail\/index.php\/wp-json\/wp\/v2\/types\/page"}],"author":[{"embeddable":true,"href":"https:\/\/www.cpswf.wf\/portail\/index.php\/wp-json\/wp\/v2\/users\/1"}],"replies":[{"embeddable":true,"href":"https:\/\/www.cpswf.wf\/portail\/index.php\/wp-json\/wp\/v2\/comments?post=48"}],"version-history":[{"count":32,"href":"https:\/\/www.cpswf.wf\/portail\/index.php\/wp-json\/wp\/v2\/pages\/48\/revisions"}],"predecessor-version":[{"id":480,"href":"https:\/\/www.cpswf.wf\/portail\/index.php\/wp-json\/wp\/v2\/pages\/48\/revisions\/480"}],"wp:attachment":[{"href":"https:\/\/www.cpswf.wf\/portail\/index.php\/wp-json\/wp\/v2\/media?parent=48"}],"curies":[{"name":"wp","href":"https:\/\/api.w.org\/{rel}","templated":true}]}}