{"id":42,"date":"2016-06-26T17:30:44","date_gmt":"2016-06-26T05:30:44","guid":{"rendered":"http:\/\/192.168.1.119\/portail\/?page_id=42"},"modified":"2019-08-07T15:16:15","modified_gmt":"2019-08-07T03:16:15","slug":"entreprises","status":"publish","type":"page","link":"https:\/\/www.cpswf.wf\/portail\/index.php\/entreprises\/","title":{"rendered":"Entreprises"},"content":{"rendered":"<p><strong>Espace entreprises<\/strong><\/p>\n<p>Depuis cette page vous pouvez :<\/p>\n<ul>\n<li>T\u00e9l\u00e9charger les documents administratifs.<\/li>\n<li>Acc\u00e9der aux informations n\u00e9cessaires\u00a0aux entreprises, employeurs et aux entrepreneurs.<\/li>\n<\/ul>\n<hr \/>\n<p><strong>Heures de r\u00e9ception<\/strong><\/p>\n<p>Pour tout renseignement compl\u00e9mentaire, les employeurs peuvent s\u2019adresser au\u00a0:<\/p>\n<p style=\"padding-left: 30px;\"><strong>SERVICE\u00a0 RECOUVREMENT CPSWF<\/strong><br \/>\n<strong> BP 125 &#8211; HAVELU<\/strong><br \/>\n<strong> 72.01.20<\/strong><br \/>\n<strong> Lundi au Jeudi\u00a0: 07H30 \u00e0 15H30<\/strong><br \/>\n<strong> Vendredi\u00a0: 7H30 \u00e0 14H30<\/strong><\/p>\n<p>&nbsp;<\/p>\n<hr \/>\n<p><a href=\"http:\/\/www.cpswf.wf\/portail\/index.php\/embauche-de-personnel\/\"><strong>L\u2019embauche du personnel<\/strong><\/a><\/p>\n<p><a href=\"http:\/\/www.cpswf.wf\/portail\/index.php\/entreprise-cotisations\/\"><strong>Les cotisations CPSWF<\/strong><\/a><\/p>\n<p><a href=\"http:\/\/www.cpswf.wf\/portail\/index.php\/les-taux-de-cotisation\/\"><strong>Les taux de cotisations<\/strong><\/a><\/p>\n<p><strong><a href=\"http:\/\/www.cpswf.wf\/portail\/index.php\/formalites-administratives-concernant-votre-entreprise\/\">Formalit\u00e9s administratives concernant votre entreprise<\/a><\/strong><\/p>\n<p><strong><a href=\"http:\/\/www.cpswf.wf\/portail\/index.php\/formalites-administratives-pour-vos-salaires\/\">Formalit\u00e9s administratives\u00a0pour vos salaires<\/a><\/strong><\/p>\n<p><strong><a href=\"http:\/\/www.cpswf.wf\/portail\/index.php\/declaration-des-remunerations-et-versement-des-cotisations-taux\/\">D\u00e9claration des r\u00e9mun\u00e9rations et versement des cotisations (Taux)<\/a><\/strong><\/p>\n<p><a href=\"http:\/\/www.cpswf.wf\/portail\/index.php\/controle-des-entreprises\/\"><strong>Contr\u00f4le des entreprises<\/strong><\/a><\/p>\n<p>&nbsp;<\/p>\n<hr \/>\n<h4>Formulaires \u00e0 t\u00e9l\u00e9charger :<\/h4>\n<ul>\n<li><a href=\"http:\/\/www.cpswf.wf\/portail\/index.php\/entreprises\/fiche-personne-physique\/\">Fiche de renseignements -Personne physique.pdf<\/a><\/li>\n<li><a href=\"http:\/\/www.cpswf.wf\/portail\/index.php\/entreprises\/fiche-de-rens-pers-phys-secteur-dom\/\">Fiche de renseignements &#8211; Personne physique (Secteur domestique).pdf<\/a><\/li>\n<li><a href=\"http:\/\/www.cpswf.wf\/portail\/index.php\/entreprises\/fiche-personne-morale\/\">Fiche de renseignements &#8211; Personne morale.pdf<\/a><\/li>\n<li><a href=\"http:\/\/www.cpswf.wf\/portail\/index.php\/entreprises\/fiche-de-renseignements-ass-vol\/\">Fiche de renseignements &#8211; Assurance volontaire.pdf<\/a><\/li>\n<li><a href=\"http:\/\/www.cpswf.wf\/portail\/wp-content\/uploads\/2016\/07\/CPSWF-ARRETE-SMIG.pdf\">Arr\u00eat\u00e9 2014\/287 fixant le montant du salaire interprofessionnel garanti.pdf<\/a><\/li>\n<li><a href=\"http:\/\/www.cpswf.wf\/portail\/index.php\/entreprises\/declaration-embauche-1\/\">D\u00e9claration d&#8217;embauche.pdf<\/a><\/li>\n<li><a href=\"http:\/\/www.cpswf.wf\/portail\/index.php\/entreprises\/declaration-de-debauche-2\/\">D\u00e9claration de d\u00e9bauche.pdf<\/a><\/li>\n<\/ul>\n<p>&nbsp;<\/p>\n<p>&nbsp;<\/p>\n","protected":false},"excerpt":{"rendered":"<p>Espace entreprises Depuis cette page vous pouvez : T\u00e9l\u00e9charger les documents administratifs. Acc\u00e9der aux informations n\u00e9cessaires\u00a0aux entreprises, employeurs et aux entrepreneurs. Heures de r\u00e9ception Pour tout renseignement compl\u00e9mentaire, les employeurs peuvent s\u2019adresser au\u00a0: SERVICE\u00a0 RECOUVREMENT CPSWF BP 125 &#8211; HAVELU 72.01.20 Lundi au Jeudi\u00a0: 07H30 \u00e0 15H30 Vendredi\u00a0: 7H30 \u00e0 14H30 &nbsp; L\u2019embauche du personnel [&hellip;]<\/p>\n","protected":false},"author":1,"featured_media":0,"parent":0,"menu_order":0,"comment_status":"closed","ping_status":"closed","template":"","meta":{"footnotes":""},"class_list":["post-42","page","type-page","status-publish","hentry","post"],"_links":{"self":[{"href":"https:\/\/www.cpswf.wf\/portail\/index.php\/wp-json\/wp\/v2\/pages\/42","targetHints":{"allow":["GET"]}}],"collection":[{"href":"https:\/\/www.cpswf.wf\/portail\/index.php\/wp-json\/wp\/v2\/pages"}],"about":[{"href":"https:\/\/www.cpswf.wf\/portail\/index.php\/wp-json\/wp\/v2\/types\/page"}],"author":[{"embeddable":true,"href":"https:\/\/www.cpswf.wf\/portail\/index.php\/wp-json\/wp\/v2\/users\/1"}],"replies":[{"embeddable":true,"href":"https:\/\/www.cpswf.wf\/portail\/index.php\/wp-json\/wp\/v2\/comments?post=42"}],"version-history":[{"count":45,"href":"https:\/\/www.cpswf.wf\/portail\/index.php\/wp-json\/wp\/v2\/pages\/42\/revisions"}],"predecessor-version":[{"id":387,"href":"https:\/\/www.cpswf.wf\/portail\/index.php\/wp-json\/wp\/v2\/pages\/42\/revisions\/387"}],"wp:attachment":[{"href":"https:\/\/www.cpswf.wf\/portail\/index.php\/wp-json\/wp\/v2\/media?parent=42"}],"curies":[{"name":"wp","href":"https:\/\/api.w.org\/{rel}","templated":true}]}}