{"id":338,"date":"2019-08-02T12:34:15","date_gmt":"2019-08-02T00:34:15","guid":{"rendered":"http:\/\/www.cpswf.wf\/portail\/?page_id=338"},"modified":"2019-08-02T14:08:36","modified_gmt":"2019-08-02T02:08:36","slug":"prime-a-la-naissance","status":"publish","type":"page","link":"https:\/\/www.cpswf.wf\/portail\/index.php\/prime-a-la-naissance\/","title":{"rendered":"Prime \u00e0 la naissance"},"content":{"rendered":"<p><strong>Conditions d&rsquo;attribution :<\/strong><\/p>\n<p>Tout enfant n\u00e9 ou \u00e0 na\u00eetre \u00e0 compter de janvier 2018. Elle est destin\u00e9e \u00e0 aider les familles pour les d\u00e9penses occasionn\u00e9es par une naissance.<\/p>\n<ul>\n<li>La demande doit \u00eatre faite aupr\u00e8s de la CPSWF dans les deux mois qui suivent la naissance de l&rsquo;enfant ou des enfants.<\/li>\n<li>Etre r\u00e9sident depuis 6 mois et 1 jour et remplir les conditions l\u00e9gales en mati\u00e8re de droit de s\u00e9jour.<\/li>\n<\/ul>\n<p><strong>Pi\u00e8ces \u00e0 fournir :<\/strong><\/p>\n<ul>\n<li>Le certificat de naissance \u00e9tabli par l&rsquo;agence de sant\u00e9<\/li>\n<li>Les cartes d&rsquo;identit\u00e9 du ou des parents<\/li>\n<li>L&rsquo;extrait d&rsquo;acte de naissance<\/li>\n<li>Livret de famille<\/li>\n<li>Les justificatifs pour les enfants n\u00e9s hors territoire (attestation d&rsquo;\u00e9vacuation sanitaire &#8230;)<\/li>\n<\/ul>\n<p><strong>Montant :<\/strong><\/p>\n<p>Le montant de la prime est de 20.00 FCFP par naissance. En cas de naissance multiples, la prime est vers\u00e9e pour chaque enfant.<\/p>\n<p>B\u00e9n\u00e9ficient \u00e9galement de la prime \u00e0 la naissance les enfants n\u00e9s \u00e0 l&rsquo;ext\u00e9rieur du territoire par mesure d&rsquo;\u00e9vacuation sanitaire ou pour tout autre motif laiss\u00e9 \u00e0 l&rsquo;appr\u00e9ciation de la CPSWF.<\/p>\n<p>______________________________________________________________________________________________________________________________________<\/p>\n<p><strong>Formulaire \u00e0 t\u00e9l\u00e9charger :<\/strong><\/p>\n<p><a href=\"http:\/\/www.cpswf.wf\/portail\/wp-content\/uploads\/2019\/08\/DEMANDE-DE-PRIME-A-LA-NAISSANCE-1.pdf\">DEMANDE DE PRIME A LA NAISSANCE<\/a><\/p>\n<p>&nbsp;<\/p>\n<p>&nbsp;<\/p>\n","protected":false},"excerpt":{"rendered":"<p>Conditions d&rsquo;attribution : Tout enfant n\u00e9 ou \u00e0 na\u00eetre \u00e0 compter de janvier 2018. Elle est destin\u00e9e \u00e0 aider les familles pour les d\u00e9penses occasionn\u00e9es par une naissance. La demande doit \u00eatre faite aupr\u00e8s de la CPSWF dans les deux mois qui suivent la naissance de l&rsquo;enfant ou des enfants. Etre r\u00e9sident depuis 6 mois [&hellip;]<\/p>\n","protected":false},"author":5,"featured_media":0,"parent":0,"menu_order":0,"comment_status":"closed","ping_status":"closed","template":"","meta":{"footnotes":""},"class_list":["post-338","page","type-page","status-publish","hentry","post"],"_links":{"self":[{"href":"https:\/\/www.cpswf.wf\/portail\/index.php\/wp-json\/wp\/v2\/pages\/338","targetHints":{"allow":["GET"]}}],"collection":[{"href":"https:\/\/www.cpswf.wf\/portail\/index.php\/wp-json\/wp\/v2\/pages"}],"about":[{"href":"https:\/\/www.cpswf.wf\/portail\/index.php\/wp-json\/wp\/v2\/types\/page"}],"author":[{"embeddable":true,"href":"https:\/\/www.cpswf.wf\/portail\/index.php\/wp-json\/wp\/v2\/users\/5"}],"replies":[{"embeddable":true,"href":"https:\/\/www.cpswf.wf\/portail\/index.php\/wp-json\/wp\/v2\/comments?post=338"}],"version-history":[{"count":6,"href":"https:\/\/www.cpswf.wf\/portail\/index.php\/wp-json\/wp\/v2\/pages\/338\/revisions"}],"predecessor-version":[{"id":354,"href":"https:\/\/www.cpswf.wf\/portail\/index.php\/wp-json\/wp\/v2\/pages\/338\/revisions\/354"}],"wp:attachment":[{"href":"https:\/\/www.cpswf.wf\/portail\/index.php\/wp-json\/wp\/v2\/media?parent=338"}],"curies":[{"name":"wp","href":"https:\/\/api.w.org\/{rel}","templated":true}]}}