{"id":248,"date":"2016-07-20T19:27:55","date_gmt":"2016-07-20T07:27:55","guid":{"rendered":"http:\/\/www.cpswf.wf\/portail\/?page_id=248"},"modified":"2021-08-23T09:09:08","modified_gmt":"2021-08-22T21:09:08","slug":"declaration-des-remunerations-et-versement-des-cotisations-taux","status":"publish","type":"page","link":"https:\/\/www.cpswf.wf\/portail\/index.php\/entreprises\/declaration-des-remunerations-et-versement-des-cotisations-taux\/","title":{"rendered":"D\u00e9claration des r\u00e9mun\u00e9rations et versement des cotisations"},"content":{"rendered":"<h3><strong>Obligations de l\u2019employeur\u00a0\u00a0 <\/strong><\/h3>\n<p>vous avez chaque trimestre civil 2 obligations\u00a0:<\/p>\n<p>&nbsp;<\/p>\n<p>[icon name=\u00a0\u00bbarrow-right\u00a0\u00bb class=\u00a0\u00bb\u00a0\u00bb unprefixed_class=\u00a0\u00bb\u00a0\u00bb] D\u00e9clarer sur un bordereau nominatif trimestriel, envoy\u00e9 par le service Recouvrement\u00a0:<\/p>\n<p style=\"padding-left: 60px;\">[icon name=\u00a0\u00bbcaret-right\u00a0\u00bb class=\u00a0\u00bb\u00a0\u00bb unprefixed_class=\u00a0\u00bb\u00a0\u00bb] le personnel ayant travaill\u00e9 dans l\u2019entreprise au cours du trimestre civil<\/p>\n<p style=\"padding-left: 60px;\">[icon name=\u00a0\u00bbcaret-right\u00a0\u00bb class=\u00a0\u00bb\u00a0\u00bb unprefixed_class=\u00a0\u00bb\u00a0\u00bb] \u00a0les r\u00e9mun\u00e9rations vers\u00e9es ou d\u00fbes \u00e0 chacun d\u2019eux au cours du trimestre<\/p>\n<p>[icon name=\u00a0\u00bbarrow-right\u00a0\u00bb class=\u00a0\u00bb\u00a0\u00bb unprefixed_class=\u00a0\u00bb\u00a0\u00bb] verser les cotisations \u00e0 l\u2019\u00e9ch\u00e9ance\u00a0;\u00a0 c\u2019est-\u00e0-dire avant la fin du mois en cours duquel sont appel\u00e9es les cotisations.<\/p>\n<p>&nbsp;<\/p>\n<p><u>Exemple\u00a0<\/u>:<\/p>\n<p>Salaires\u00a0 vers\u00e9s pendant le 1<sup>\u00e8me<\/sup> trimestre 2020 doivent \u00eatre d\u00e9clar\u00e9s au 30\/04\/2020 et pay\u00e9s avant le 30\/04\/2020.<\/p>\n<p>Pour d\u00e9faut de paiement, le service appliquera les majorations de retard et les sanctions p\u00e9nales pr\u00e9vues par le statut de la C.P.S.W.F.<\/p>\n<p><strong>Libeller le r\u00e8glement au nom de\u00a0 la Caisse de Prestations Sociales de Wallis et Futuna (C.P.S.W.F)<\/strong><\/p>\n<p><strong>\u00a0<\/strong><\/p>\n<hr \/>\n<h3><strong>Taux de cotisation actuellement en vigueur (01\/01\/2020)<\/strong><\/h3>\n<p><strong>\u00a0<\/strong><\/p>\n<ul>\n<li>Part salariale \u00a0\u00a0\u00a0<strong> 7 %<\/strong><\/li>\n<li>Part patronale \u00a0 20<strong> %<br \/>\n<\/strong>&#8212;&#8212;&#8212;&#8212;&#8212;&#8212;&#8212;&#8212;&#8212;&#8212;-<\/li>\n<li>Soit au total \u2026. \u00a0\u00a0<strong>27 %<\/strong><\/li>\n<\/ul>\n<p><strong>\u00a0<\/strong><\/p>\n<p><strong>Les diff\u00e9rents taux sont appliqu\u00e9s sur les salaires bruts (primes comprises\u2026)<\/strong><\/p>\n","protected":false},"excerpt":{"rendered":"<p>Obligations de l\u2019employeur\u00a0\u00a0 vous avez chaque trimestre civil 2 obligations\u00a0: &nbsp; [icon name=\u00a0\u00bbarrow-right\u00a0\u00bb class=\u00a0\u00bb\u00a0\u00bb unprefixed_class=\u00a0\u00bb\u00a0\u00bb] D\u00e9clarer sur un bordereau nominatif trimestriel, envoy\u00e9 par le service Recouvrement\u00a0: [icon name=\u00a0\u00bbcaret-right\u00a0\u00bb class=\u00a0\u00bb\u00a0\u00bb unprefixed_class=\u00a0\u00bb\u00a0\u00bb] le personnel ayant travaill\u00e9 dans l\u2019entreprise au cours du trimestre civil [icon name=\u00a0\u00bbcaret-right\u00a0\u00bb class=\u00a0\u00bb\u00a0\u00bb unprefixed_class=\u00a0\u00bb\u00a0\u00bb] \u00a0les r\u00e9mun\u00e9rations vers\u00e9es ou d\u00fbes \u00e0 chacun d\u2019eux au cours [&hellip;]<\/p>\n","protected":false},"author":1,"featured_media":0,"parent":42,"menu_order":0,"comment_status":"closed","ping_status":"closed","template":"","meta":{"footnotes":""},"class_list":["post-248","page","type-page","status-publish","hentry","post"],"_links":{"self":[{"href":"https:\/\/www.cpswf.wf\/portail\/index.php\/wp-json\/wp\/v2\/pages\/248","targetHints":{"allow":["GET"]}}],"collection":[{"href":"https:\/\/www.cpswf.wf\/portail\/index.php\/wp-json\/wp\/v2\/pages"}],"about":[{"href":"https:\/\/www.cpswf.wf\/portail\/index.php\/wp-json\/wp\/v2\/types\/page"}],"author":[{"embeddable":true,"href":"https:\/\/www.cpswf.wf\/portail\/index.php\/wp-json\/wp\/v2\/users\/1"}],"replies":[{"embeddable":true,"href":"https:\/\/www.cpswf.wf\/portail\/index.php\/wp-json\/wp\/v2\/comments?post=248"}],"version-history":[{"count":9,"href":"https:\/\/www.cpswf.wf\/portail\/index.php\/wp-json\/wp\/v2\/pages\/248\/revisions"}],"predecessor-version":[{"id":446,"href":"https:\/\/www.cpswf.wf\/portail\/index.php\/wp-json\/wp\/v2\/pages\/248\/revisions\/446"}],"up":[{"embeddable":true,"href":"https:\/\/www.cpswf.wf\/portail\/index.php\/wp-json\/wp\/v2\/pages\/42"}],"wp:attachment":[{"href":"https:\/\/www.cpswf.wf\/portail\/index.php\/wp-json\/wp\/v2\/media?parent=248"}],"curies":[{"name":"wp","href":"https:\/\/api.w.org\/{rel}","templated":true}]}}