{"id":162,"date":"2016-07-19T15:07:24","date_gmt":"2016-07-19T03:07:24","guid":{"rendered":"http:\/\/www.cpswf.wf\/portail\/?page_id=162"},"modified":"2019-08-07T09:33:26","modified_gmt":"2019-08-06T21:33:26","slug":"le-complement-social-de-retraite","status":"publish","type":"page","link":"https:\/\/www.cpswf.wf\/portail\/index.php\/retraites\/le-complement-social-de-retraite\/","title":{"rendered":"Le compl\u00e9ment social de retraite"},"content":{"rendered":"<p>&nbsp;<\/p>\n<p><strong>Conditions d\u2019attributions<\/strong>\u00a0:<\/p>\n<ul>\n<li>\u00catre de nationalit\u00e9 fran\u00e7aise<\/li>\n<li>R\u00e9sider sur le territoire depuis 6 mois<\/li>\n<li>\u00catre \u00e2g\u00e9 de 60 ans ou plus<\/li>\n<li>Ne disposer d\u2019aucun revenu<\/li>\n<li>\u00catre mari\u00e9 avec un(e) salari\u00e9(e) (CPSWF\/CAFAT ou S\u00e9curit\u00e9 Sociale en France) actif(ve) ou retrait\u00e9(e) \u00a0dont les revenus mensuels n\u2019exc\u00e8dent pas 90\u00a0000 F CFP<\/li>\n<\/ul>\n<p><strong>Pi\u00e8ces \u00e0 fournir<\/strong>\u00a0:<\/p>\n<ul>\n<li>Copie de la pi\u00e8ce d\u2019identit\u00e9<\/li>\n<li>Copie du livret de famille<\/li>\n<li>Attestation de retraite du conjoint retrait\u00e9<\/li>\n<li>Relev\u00e9 d\u2019Identit\u00e9 Bancaire (RIB)<\/li>\n<\/ul>\n<p><strong>Montant<\/strong>\u00a0:<\/p>\n<p>14 333 F CFP par mois \u00e0 compter de janvier 2018.<\/p>\n<p>______________________________________________________________________________________________________________________________________<\/p>\n<p><strong>FORMALITES A TELECHARGER<\/strong> :<\/p>\n<p><a href=\"http:\/\/www.cpswf.wf\/portail\/wp-content\/uploads\/2016\/07\/ATTESTATION-DE-VIE.pdf\">ATTESTATION DE VIE<\/a><\/p>\n<p><a href=\"http:\/\/www.cpswf.wf\/portail\/wp-content\/uploads\/2016\/07\/ATTESTATION-DE-VIE-ET-DE-NON-REMARIAGE.pdf\">ATTESTATION DE VIE ET DE NON REMARIAGE<\/a><\/p>\n","protected":false},"excerpt":{"rendered":"<p>&nbsp; Conditions d\u2019attributions\u00a0: \u00catre de nationalit\u00e9 fran\u00e7aise R\u00e9sider sur le territoire depuis 6 mois \u00catre \u00e2g\u00e9 de 60 ans ou plus Ne disposer d\u2019aucun revenu \u00catre mari\u00e9 avec un(e) salari\u00e9(e) (CPSWF\/CAFAT ou S\u00e9curit\u00e9 Sociale en France) actif(ve) ou retrait\u00e9(e) \u00a0dont les revenus mensuels n\u2019exc\u00e8dent pas 90\u00a0000 F CFP Pi\u00e8ces \u00e0 fournir\u00a0: Copie de la pi\u00e8ce [&hellip;]<\/p>\n","protected":false},"author":1,"featured_media":0,"parent":67,"menu_order":0,"comment_status":"closed","ping_status":"closed","template":"","meta":{"footnotes":""},"class_list":["post-162","page","type-page","status-publish","hentry","post"],"_links":{"self":[{"href":"https:\/\/www.cpswf.wf\/portail\/index.php\/wp-json\/wp\/v2\/pages\/162","targetHints":{"allow":["GET"]}}],"collection":[{"href":"https:\/\/www.cpswf.wf\/portail\/index.php\/wp-json\/wp\/v2\/pages"}],"about":[{"href":"https:\/\/www.cpswf.wf\/portail\/index.php\/wp-json\/wp\/v2\/types\/page"}],"author":[{"embeddable":true,"href":"https:\/\/www.cpswf.wf\/portail\/index.php\/wp-json\/wp\/v2\/users\/1"}],"replies":[{"embeddable":true,"href":"https:\/\/www.cpswf.wf\/portail\/index.php\/wp-json\/wp\/v2\/comments?post=162"}],"version-history":[{"count":6,"href":"https:\/\/www.cpswf.wf\/portail\/index.php\/wp-json\/wp\/v2\/pages\/162\/revisions"}],"predecessor-version":[{"id":362,"href":"https:\/\/www.cpswf.wf\/portail\/index.php\/wp-json\/wp\/v2\/pages\/162\/revisions\/362"}],"up":[{"embeddable":true,"href":"https:\/\/www.cpswf.wf\/portail\/index.php\/wp-json\/wp\/v2\/pages\/67"}],"wp:attachment":[{"href":"https:\/\/www.cpswf.wf\/portail\/index.php\/wp-json\/wp\/v2\/media?parent=162"}],"curies":[{"name":"wp","href":"https:\/\/api.w.org\/{rel}","templated":true}]}}