{"id":159,"date":"2016-07-19T15:05:25","date_gmt":"2016-07-19T03:05:25","guid":{"rendered":"http:\/\/www.cpswf.wf\/portail\/?page_id=159"},"modified":"2019-07-11T11:31:51","modified_gmt":"2019-07-10T23:31:51","slug":"la-pension-de-reversion","status":"publish","type":"page","link":"https:\/\/www.cpswf.wf\/portail\/index.php\/aides-sociales-2\/aides-sociales\/la-pension-de-reversion\/","title":{"rendered":"La pension de reversion"},"content":{"rendered":"<p><strong>Conditions d\u2019attributions\u00a0:<\/strong><\/p>\n<ul>\n<li>\u00catre de nationalit\u00e9 fran\u00e7aise<\/li>\n<li>L\u2019assur\u00e9 d\u00e9c\u00e9d\u00e9 doit avoir cotis\u00e9 pendant 15 ans \u00e0 la CPSWF<\/li>\n<li>Conjoint(e) de l\u2019assur\u00e9 doit \u00eatre \u00e2g\u00e9(e) au moins de 50 ans<\/li>\n<\/ul>\n<p><strong>Pi\u00e8ces \u00e0 fournir\u00a0:<\/strong><\/p>\n<ul>\n<li>Courrier adress\u00e9 au Directeur de la CPSWF<\/li>\n<li>Acte de d\u00e9c\u00e8s<\/li>\n<li>Copie de la pi\u00e8ce d\u2019identit\u00e9<\/li>\n<li>Copie du livre de famille<\/li>\n<li>Relev\u00e9 d\u2019Identit\u00e9 Bancaire (RIB)<\/li>\n<\/ul>\n<p><strong>Montant\u00a0:<\/strong><\/p>\n<ul>\n<li>50% de la retraite de l\u2019assur\u00e9 d\u00e9c\u00e9d\u00e9<\/li>\n<\/ul>\n<p>En cas de remariage, le\/la conjoint(e) survivant(e) perd d\u00e9finitivement tout droit \u00e0 la pension de r\u00e9version.<\/p>\n","protected":false},"excerpt":{"rendered":"<p>Conditions d\u2019attributions\u00a0: \u00catre de nationalit\u00e9 fran\u00e7aise L\u2019assur\u00e9 d\u00e9c\u00e9d\u00e9 doit avoir cotis\u00e9 pendant 15 ans \u00e0 la CPSWF Conjoint(e) de l\u2019assur\u00e9 doit \u00eatre \u00e2g\u00e9(e) au moins de 50 ans Pi\u00e8ces \u00e0 fournir\u00a0: Courrier adress\u00e9 au Directeur de la CPSWF Acte de d\u00e9c\u00e8s Copie de la pi\u00e8ce d\u2019identit\u00e9 Copie du livre de famille Relev\u00e9 d\u2019Identit\u00e9 Bancaire (RIB) [&hellip;]<\/p>\n","protected":false},"author":1,"featured_media":0,"parent":70,"menu_order":0,"comment_status":"closed","ping_status":"closed","template":"","meta":{"footnotes":""},"class_list":["post-159","page","type-page","status-publish","hentry","post"],"_links":{"self":[{"href":"https:\/\/www.cpswf.wf\/portail\/index.php\/wp-json\/wp\/v2\/pages\/159","targetHints":{"allow":["GET"]}}],"collection":[{"href":"https:\/\/www.cpswf.wf\/portail\/index.php\/wp-json\/wp\/v2\/pages"}],"about":[{"href":"https:\/\/www.cpswf.wf\/portail\/index.php\/wp-json\/wp\/v2\/types\/page"}],"author":[{"embeddable":true,"href":"https:\/\/www.cpswf.wf\/portail\/index.php\/wp-json\/wp\/v2\/users\/1"}],"replies":[{"embeddable":true,"href":"https:\/\/www.cpswf.wf\/portail\/index.php\/wp-json\/wp\/v2\/comments?post=159"}],"version-history":[{"count":4,"href":"https:\/\/www.cpswf.wf\/portail\/index.php\/wp-json\/wp\/v2\/pages\/159\/revisions"}],"predecessor-version":[{"id":300,"href":"https:\/\/www.cpswf.wf\/portail\/index.php\/wp-json\/wp\/v2\/pages\/159\/revisions\/300"}],"up":[{"embeddable":true,"href":"https:\/\/www.cpswf.wf\/portail\/index.php\/wp-json\/wp\/v2\/pages\/70"}],"wp:attachment":[{"href":"https:\/\/www.cpswf.wf\/portail\/index.php\/wp-json\/wp\/v2\/media?parent=159"}],"curies":[{"name":"wp","href":"https:\/\/api.w.org\/{rel}","templated":true}]}}