{"id":155,"date":"2016-07-19T15:02:26","date_gmt":"2016-07-19T03:02:26","guid":{"rendered":"http:\/\/www.cpswf.wf\/portail\/?page_id=155"},"modified":"2019-07-11T14:00:05","modified_gmt":"2019-07-11T02:00:05","slug":"lallocation-veuvage","status":"publish","type":"page","link":"https:\/\/www.cpswf.wf\/portail\/index.php\/retraites\/lallocation-veuvage\/","title":{"rendered":"L\u2019allocation veuvage"},"content":{"rendered":"<p><strong>Conditions d\u2019attributions\u00a0:<\/strong><\/p>\n<ul>\n<li>\u00catre de nationalit\u00e9 fran\u00e7aise<\/li>\n<li>L\u2019assur\u00e9 d\u00e9c\u00e9d\u00e9 doit avoir cotis\u00e9 pendant 15 ans \u00e0 la CPSWF<\/li>\n<li>Conjoint(e) de l\u2019assur\u00e9 doit \u00eatre \u00e2g\u00e9(e) au moins de 50 ans<\/li>\n<\/ul>\n<p><strong>Pi\u00e8ces \u00e0 fournir\u00a0:<\/strong><\/p>\n<ul>\n<li>Courrier adress\u00e9 au Directeur de la CPSWF<\/li>\n<li>Acte de d\u00e9c\u00e8s<\/li>\n<li>Copie de la pi\u00e8ce d\u2019identit\u00e9<\/li>\n<li>Copie du livret de famille<\/li>\n<li>Relev\u00e9 d\u2019Identit\u00e9 Bancaire (RIB)<\/li>\n<\/ul>\n<p><strong>Montant\u00a0:<\/strong><\/p>\n<ul>\n<li>50% de la retraite dont b\u00e9n\u00e9fici\u00e9 ou aurait b\u00e9n\u00e9fici\u00e9 l\u2019assur\u00e9 d\u00e9c\u00e9d\u00e9 pendant 4 ans.<\/li>\n<\/ul>\n<p>Si l\u2019assur\u00e9 d\u00e9c\u00e9d\u00e9 n\u2019a pas cotis\u00e9 au moins 15 ans, le\/la conjoint(e) survivant(e) pourra seulement b\u00e9n\u00e9ficier que du remboursement des parts salariales.<\/p>\n<ul>\n<li>Au del\u00e0 de 4 ans, le\/la conjoint(e) survivant(e) pourra b\u00e9n\u00e9ficier de la <a href=\"http:\/\/www.cpswf.wf\/portail\/index.php\/aides-sociales\/la-pension-de-reversion\/\">pension de r\u00e9version<\/a> uniquement \u00e0 l&rsquo;\u00e2ge de 50 ans.<\/li>\n<\/ul>\n","protected":false},"excerpt":{"rendered":"<p>Conditions d\u2019attributions\u00a0: \u00catre de nationalit\u00e9 fran\u00e7aise L\u2019assur\u00e9 d\u00e9c\u00e9d\u00e9 doit avoir cotis\u00e9 pendant 15 ans \u00e0 la CPSWF Conjoint(e) de l\u2019assur\u00e9 doit \u00eatre \u00e2g\u00e9(e) au moins de 50 ans Pi\u00e8ces \u00e0 fournir\u00a0: Courrier adress\u00e9 au Directeur de la CPSWF Acte de d\u00e9c\u00e8s Copie de la pi\u00e8ce d\u2019identit\u00e9 Copie du livret de famille Relev\u00e9 d\u2019Identit\u00e9 Bancaire (RIB) [&hellip;]<\/p>\n","protected":false},"author":1,"featured_media":0,"parent":67,"menu_order":0,"comment_status":"closed","ping_status":"closed","template":"","meta":{"footnotes":""},"class_list":["post-155","page","type-page","status-publish","hentry","post"],"_links":{"self":[{"href":"https:\/\/www.cpswf.wf\/portail\/index.php\/wp-json\/wp\/v2\/pages\/155","targetHints":{"allow":["GET"]}}],"collection":[{"href":"https:\/\/www.cpswf.wf\/portail\/index.php\/wp-json\/wp\/v2\/pages"}],"about":[{"href":"https:\/\/www.cpswf.wf\/portail\/index.php\/wp-json\/wp\/v2\/types\/page"}],"author":[{"embeddable":true,"href":"https:\/\/www.cpswf.wf\/portail\/index.php\/wp-json\/wp\/v2\/users\/1"}],"replies":[{"embeddable":true,"href":"https:\/\/www.cpswf.wf\/portail\/index.php\/wp-json\/wp\/v2\/comments?post=155"}],"version-history":[{"count":4,"href":"https:\/\/www.cpswf.wf\/portail\/index.php\/wp-json\/wp\/v2\/pages\/155\/revisions"}],"predecessor-version":[{"id":310,"href":"https:\/\/www.cpswf.wf\/portail\/index.php\/wp-json\/wp\/v2\/pages\/155\/revisions\/310"}],"up":[{"embeddable":true,"href":"https:\/\/www.cpswf.wf\/portail\/index.php\/wp-json\/wp\/v2\/pages\/67"}],"wp:attachment":[{"href":"https:\/\/www.cpswf.wf\/portail\/index.php\/wp-json\/wp\/v2\/media?parent=155"}],"curies":[{"name":"wp","href":"https:\/\/api.w.org\/{rel}","templated":true}]}}