{"id":151,"date":"2016-07-19T14:58:34","date_gmt":"2016-07-19T02:58:34","guid":{"rendered":"http:\/\/www.cpswf.wf\/portail\/?page_id=151"},"modified":"2020-07-28T13:31:01","modified_gmt":"2020-07-28T01:31:01","slug":"lallocation-de-conge-maternite","status":"publish","type":"page","link":"https:\/\/www.cpswf.wf\/portail\/index.php\/allocations-familiales\/lallocation-de-conge-maternite\/","title":{"rendered":"L\u2019allocation de cong\u00e9 maternit\u00e9"},"content":{"rendered":"<h3><strong>Conditions d\u2019attributions\u00a0:<\/strong><\/h3>\n<ul>\n<li>Les femmes salari\u00e9es ou assimil\u00e9es per\u00e7oivent une allocation \u00e9gale \u00e0 la moiti\u00e9 du salaire moyen des trois mois pr\u00e9c\u00e9dant la suspension du travail.<\/li>\n<li>Cette indemnit\u00e9 est vers\u00e9e, avant et apr\u00e8s l&rsquo;accouchement, pour la dur\u00e9e pr\u00e9vue par les textes cit\u00e9s \u00e0 l&rsquo;alin\u00e9a pr\u00e9c\u00e9dent, au prorata de la dur\u00e9e de suspension du contrat de travail.<\/li>\n<li>Quand l&rsquo;accouchement a lieu avant la date pr\u00e9sum\u00e9e, la p\u00e9riode d&rsquo;indemnisation n&rsquo;est pas r\u00e9duite de ce fait.<\/li>\n<\/ul>\n<h3><strong>Pi\u00e8ces \u00e0 fournir<\/strong>\u00a0:<\/h3>\n<ul>\n<li>Un formulaire \u00e0 remplir aupr\u00e8s des agents du bureau des allocations familiales<\/li>\n<li>Les 3 fiches de salaires des mois ayant pr\u00e9c\u00e9d\u00e9s l\u2019arr\u00eat de travail<\/li>\n<li>P\u00e9riode de cong\u00e9 maternit\u00e9<\/li>\n<li>Extrait de naissance du nouveau n\u00e9<\/li>\n<li>D\u00e9cision de mise en cong\u00e9 maternit\u00e9<\/li>\n<li>Relev\u00e9 d\u2019Identit\u00e9 Bancaire (RIB)<\/li>\n<\/ul>\n<h3><strong>Montant\u00a0: <\/strong><\/h3>\n<p>Le nombre de jours d\u2019arr\u00eat payables est de 16 semaines = 112 jours et 18 semaines = 126 jours \u00e0 compter du 3<sup>\u00e8me<\/sup> enfant.<\/p>\n<p>______________________________________________________________________________________________________________________________________<\/p>\n<p><strong>Formulaire \u00e0 t\u00e9l\u00e9charger :<\/strong><\/p>\n<ul>\n<li><a href=\"http:\/\/www.cpswf.wf\/portail\/wp-content\/uploads\/2020\/07\/demande-allocation-cong\u00e9-de-maternit\u00e9.pdf\">Demande allocation cong\u00e9 de maternit\u00e9<\/a><\/li>\n<li><a href=\"http:\/\/www.cpswf.wf\/portail\/wp-content\/uploads\/2020\/07\/demande-allocation-cong\u00e9-de-maternit\u00e9-certificat-de-suspension-de-contrat-de-travail.pdf\">Demande allocation cong\u00e9 de maternit\u00e9-certificat de suspension de contrat de travail<\/a><\/li>\n<li><a href=\"http:\/\/www.cpswf.wf\/portail\/wp-content\/uploads\/2020\/07\/demande-allocation-cong\u00e9-de-maternit\u00e9-certificat-de-reprise-de-travail.pdf\">Demande allocation cong\u00e9 de maternit\u00e9-certificat de reprise de travail<\/a><\/li>\n<\/ul>\n<p>&nbsp;<\/p>\n","protected":false},"excerpt":{"rendered":"<p>Conditions d\u2019attributions\u00a0: Les femmes salari\u00e9es ou assimil\u00e9es per\u00e7oivent une allocation \u00e9gale \u00e0 la moiti\u00e9 du salaire moyen des trois mois pr\u00e9c\u00e9dant la suspension du travail. Cette indemnit\u00e9 est vers\u00e9e, avant et apr\u00e8s l&rsquo;accouchement, pour la dur\u00e9e pr\u00e9vue par les textes cit\u00e9s \u00e0 l&rsquo;alin\u00e9a pr\u00e9c\u00e9dent, au prorata de la dur\u00e9e de suspension du contrat de travail. [&hellip;]<\/p>\n","protected":false},"author":1,"featured_media":0,"parent":74,"menu_order":0,"comment_status":"closed","ping_status":"closed","template":"","meta":{"footnotes":""},"class_list":["post-151","page","type-page","status-publish","hentry","post"],"_links":{"self":[{"href":"https:\/\/www.cpswf.wf\/portail\/index.php\/wp-json\/wp\/v2\/pages\/151","targetHints":{"allow":["GET"]}}],"collection":[{"href":"https:\/\/www.cpswf.wf\/portail\/index.php\/wp-json\/wp\/v2\/pages"}],"about":[{"href":"https:\/\/www.cpswf.wf\/portail\/index.php\/wp-json\/wp\/v2\/types\/page"}],"author":[{"embeddable":true,"href":"https:\/\/www.cpswf.wf\/portail\/index.php\/wp-json\/wp\/v2\/users\/1"}],"replies":[{"embeddable":true,"href":"https:\/\/www.cpswf.wf\/portail\/index.php\/wp-json\/wp\/v2\/comments?post=151"}],"version-history":[{"count":10,"href":"https:\/\/www.cpswf.wf\/portail\/index.php\/wp-json\/wp\/v2\/pages\/151\/revisions"}],"predecessor-version":[{"id":424,"href":"https:\/\/www.cpswf.wf\/portail\/index.php\/wp-json\/wp\/v2\/pages\/151\/revisions\/424"}],"up":[{"embeddable":true,"href":"https:\/\/www.cpswf.wf\/portail\/index.php\/wp-json\/wp\/v2\/pages\/74"}],"wp:attachment":[{"href":"https:\/\/www.cpswf.wf\/portail\/index.php\/wp-json\/wp\/v2\/media?parent=151"}],"curies":[{"name":"wp","href":"https:\/\/api.w.org\/{rel}","templated":true}]}}