{"id":131,"date":"2016-07-19T13:49:01","date_gmt":"2016-07-19T01:49:01","guid":{"rendered":"http:\/\/www.cpswf.wf\/portail\/?page_id=131"},"modified":"2021-08-23T08:47:17","modified_gmt":"2021-08-22T20:47:17","slug":"embauche-de-personnel","status":"publish","type":"page","link":"https:\/\/www.cpswf.wf\/portail\/index.php\/entreprises\/embauche-de-personnel\/","title":{"rendered":"Embauche de personnel"},"content":{"rendered":"<p><strong>L\u2019embauche du personnel<\/strong><\/p>\n<p>Les salari\u00e9s doivent \u00eatre d\u00e9clar\u00e9s avant l&#8217;embauche au moyen d&rsquo;une <a href=\"http:\/\/www.cpswf.wf\/portail\/index.php\/entreprises\/declaration-embauche-1\/\">d\u00e9claration pr\u00e9alable \u00e0 l&#8217;embauche<\/a> (DPAE).<\/p>\n<p>.La CPSWF met \u00e0 votre disposition plusieurs moyens de d\u00e9claration:<\/p>\n<ol>\n<li>Internet <a href=\"http:\/\/www.cpswf.wf\">www.cpswf.wf<\/a><\/li>\n<li>Vous pouvez \u00e9galement nous transmettre vos d\u00e9clarations :<\/li>\n<\/ol>\n<ul>\n<li>par E mail : <a href=\"mailto:recouvrement@cpswf.wf\">recouvrement@cpswf.wf <\/a><\/li>\n<li>les remettre \u00e0 l&rsquo;un de nos agents d&rsquo;accueil \u00e0 nos guichets<\/li>\n<li>par courrier recommand\u00e9 : Caisse des Prestations Sociales des \u00eeles Wallis et Futuna \u2013 Service du Recouvrement &#8211; BP 125\u2013 98600 Wallis et Futuna<\/li>\n<\/ul>\n","protected":false},"excerpt":{"rendered":"<p>L\u2019embauche du personnel Les salari\u00e9s doivent \u00eatre d\u00e9clar\u00e9s avant l&#8217;embauche au moyen d&rsquo;une d\u00e9claration pr\u00e9alable \u00e0 l&#8217;embauche (DPAE). .La CPSWF met \u00e0 votre disposition plusieurs moyens de d\u00e9claration: Internet www.cpswf.wf Vous pouvez \u00e9galement nous transmettre vos d\u00e9clarations : par E mail : recouvrement@cpswf.wf les remettre \u00e0 l&rsquo;un de nos agents d&rsquo;accueil \u00e0 nos guichets par [&hellip;]<\/p>\n","protected":false},"author":1,"featured_media":0,"parent":42,"menu_order":0,"comment_status":"closed","ping_status":"closed","template":"","meta":{"footnotes":""},"class_list":["post-131","page","type-page","status-publish","hentry","post"],"_links":{"self":[{"href":"https:\/\/www.cpswf.wf\/portail\/index.php\/wp-json\/wp\/v2\/pages\/131","targetHints":{"allow":["GET"]}}],"collection":[{"href":"https:\/\/www.cpswf.wf\/portail\/index.php\/wp-json\/wp\/v2\/pages"}],"about":[{"href":"https:\/\/www.cpswf.wf\/portail\/index.php\/wp-json\/wp\/v2\/types\/page"}],"author":[{"embeddable":true,"href":"https:\/\/www.cpswf.wf\/portail\/index.php\/wp-json\/wp\/v2\/users\/1"}],"replies":[{"embeddable":true,"href":"https:\/\/www.cpswf.wf\/portail\/index.php\/wp-json\/wp\/v2\/comments?post=131"}],"version-history":[{"count":11,"href":"https:\/\/www.cpswf.wf\/portail\/index.php\/wp-json\/wp\/v2\/pages\/131\/revisions"}],"predecessor-version":[{"id":443,"href":"https:\/\/www.cpswf.wf\/portail\/index.php\/wp-json\/wp\/v2\/pages\/131\/revisions\/443"}],"up":[{"embeddable":true,"href":"https:\/\/www.cpswf.wf\/portail\/index.php\/wp-json\/wp\/v2\/pages\/42"}],"wp:attachment":[{"href":"https:\/\/www.cpswf.wf\/portail\/index.php\/wp-json\/wp\/v2\/media?parent=131"}],"curies":[{"name":"wp","href":"https:\/\/api.w.org\/{rel}","templated":true}]}}