{"id":127,"date":"2016-07-19T13:46:58","date_gmt":"2016-07-19T01:46:58","guid":{"rendered":"http:\/\/www.cpswf.wf\/portail\/?page_id=127"},"modified":"2019-08-07T14:06:10","modified_gmt":"2019-08-07T02:06:10","slug":"entreprise-cotisations","status":"publish","type":"page","link":"https:\/\/www.cpswf.wf\/portail\/index.php\/entreprises\/entreprise-cotisations\/","title":{"rendered":"Cotisations"},"content":{"rendered":"<p><strong>Les cotisations CPSWF<\/strong><\/p>\n<p>On entend par \u00ab\u00a0assiette\u00a0\u00bb le montant global des r\u00e9mun\u00e9rations sur lequel les cotisations sont calcul\u00e9es.<\/p>\n<p>Les cotisations sociales (patronales et salariales) sont assises, dans la limite des plafonds applicables \u00e0 chaque r\u00e9gime, sur l&rsquo;ensemble des r\u00e9mun\u00e9rations ou gains per\u00e7us par les travailleurs, y compris les avantages en nature et indemnit\u00e9s diverses, \u00e0 l&rsquo;exclusion des sommes ayant le caract\u00e8re de dommages et int\u00e9r\u00eats (indemnit\u00e9s de licenciement par exemple).<\/p>\n<p><strong>Sont donc consid\u00e9r\u00e9es comme r\u00e9mun\u00e9rations toutes les sommes vers\u00e9es ou dues au salari\u00e9<\/strong>, notamment :<\/p>\n<ul>\n<li>les salaires ou gains ;<\/li>\n<li>les indemnit\u00e9s de cong\u00e9s pay\u00e9s ;<\/li>\n<li>les indemnit\u00e9s diverses, primes de toute nature, gratifications ;<\/li>\n<li>tous les autres avantages en argent ayant le caract\u00e8re d&rsquo;une r\u00e9mun\u00e9ration ;<\/li>\n<\/ul>\n<p>En revanche, <strong>certaines indemnit\u00e9s sont exclues de l&rsquo;assiette des cotisations \u00e0 condition qu&rsquo;elles correspondent \u00e0 des remboursements de frais professionnels<\/strong>. Il s&rsquo;agit par exemple des indemnit\u00e9s de d\u00e9placement ou de transport, des indemnit\u00e9s de repas ou de restauration, des primes d&rsquo;outillage, des primes de salissure.<\/p>\n","protected":false},"excerpt":{"rendered":"<p>Les cotisations CPSWF On entend par \u00ab\u00a0assiette\u00a0\u00bb le montant global des r\u00e9mun\u00e9rations sur lequel les cotisations sont calcul\u00e9es. Les cotisations sociales (patronales et salariales) sont assises, dans la limite des plafonds applicables \u00e0 chaque r\u00e9gime, sur l&rsquo;ensemble des r\u00e9mun\u00e9rations ou gains per\u00e7us par les travailleurs, y compris les avantages en nature et indemnit\u00e9s diverses, \u00e0 [&hellip;]<\/p>\n","protected":false},"author":1,"featured_media":0,"parent":42,"menu_order":0,"comment_status":"closed","ping_status":"closed","template":"","meta":{"footnotes":""},"class_list":["post-127","page","type-page","status-publish","hentry","post"],"_links":{"self":[{"href":"https:\/\/www.cpswf.wf\/portail\/index.php\/wp-json\/wp\/v2\/pages\/127","targetHints":{"allow":["GET"]}}],"collection":[{"href":"https:\/\/www.cpswf.wf\/portail\/index.php\/wp-json\/wp\/v2\/pages"}],"about":[{"href":"https:\/\/www.cpswf.wf\/portail\/index.php\/wp-json\/wp\/v2\/types\/page"}],"author":[{"embeddable":true,"href":"https:\/\/www.cpswf.wf\/portail\/index.php\/wp-json\/wp\/v2\/users\/1"}],"replies":[{"embeddable":true,"href":"https:\/\/www.cpswf.wf\/portail\/index.php\/wp-json\/wp\/v2\/comments?post=127"}],"version-history":[{"count":2,"href":"https:\/\/www.cpswf.wf\/portail\/index.php\/wp-json\/wp\/v2\/pages\/127\/revisions"}],"predecessor-version":[{"id":134,"href":"https:\/\/www.cpswf.wf\/portail\/index.php\/wp-json\/wp\/v2\/pages\/127\/revisions\/134"}],"up":[{"embeddable":true,"href":"https:\/\/www.cpswf.wf\/portail\/index.php\/wp-json\/wp\/v2\/pages\/42"}],"wp:attachment":[{"href":"https:\/\/www.cpswf.wf\/portail\/index.php\/wp-json\/wp\/v2\/media?parent=127"}],"curies":[{"name":"wp","href":"https:\/\/api.w.org\/{rel}","templated":true}]}}